
{"id":43163,"date":"2022-06-21T09:29:49","date_gmt":"2022-06-21T07:29:49","guid":{"rendered":"https:\/\/sscnapoli.it\/il-club-calcio-napoli-s-p-a\/"},"modified":"2023-06-20T15:56:02","modified_gmt":"2023-06-20T13:56:02","slug":"%e9%82%a3%e4%b8%8d%e5%8b%92%e6%96%af%e8%b6%b3%e7%90%83%e4%bf%b1%e4%b9%90%e9%83%a8","status":"publish","type":"page","link":"https:\/\/sscnapoli.it\/zh-hans\/%e9%82%a3%e4%b8%8d%e5%8b%92%e6%96%af%e8%b6%b3%e7%90%83%e4%bf%b1%e4%b9%90%e9%83%a8\/","title":{"rendered":"\u90a3\u4e0d\u52d2\u65af\u8db3\u7403\u4ff1\u4e50\u90e8\uff08Societ\u00e0 Sportiva Calcio Napoli S.p.A.\uff09\u7684\u4ecb\u7ecd"},"content":{"rendered":"\n<h2 class=\"wp-block-heading\">\u90a3\u4e0d\u52d2\u65af\u8db3\u7403\u4ff1\u4e50\u90e8<\/h2>\n\n\n\n<p>\u957f\u671f\u4ee5\u6765\uff0c\u90a3\u4e0d\u52d2\u65af\u90fd\u662f\u610f\u5927\u5229\u6700\u53d7\u6b22\u8fce\u7684\u8db3\u7403\u4ff1\u4e50\u90e8\u4e4b\u4e00\u3002\u5e02\u573a\u8c03\u67e5\u663e\u793a\uff0c\u5728\u6570\u91cf\u548c\u5bf9\u7403\u961f\u7684\u559c\u7231\u5ea6\u4e0a\uff0c\u90a3\u4e0d\u52d2\u65af\u7403\u8ff7\u7684\u6392\u540d\u90fd\u9ad8\u5c45\u5168\u56fd\u7b2c\u56db\u3002 <\/p>\n\n\n\n<p>\u90a3\u4e0d\u52d2\u65af\u8db3\u7403\u4ff1\u4e50\u90e8\u6210\u7acb\u4ee5\u6765\uff0c\u83b7\u5f97\u8fc72\u6b21\u610f\u7532\u51a0\u519b\uff0c3\u6b21\u610f\u5927\u5229\u676f\u51a0\u519b\uff0c1\u6b21\u610f\u5927\u5229\u8d85\u7ea7\u676f\u51a0\u519b\u548c1\u6b21\u6b27\u6d32<\/p>\n\n\n\n<div style=\"height:62px\" aria-hidden=\"true\" class=\"wp-block-spacer\"><\/div>\n\n\n\n<h2 class=\"wp-block-heading\">\u7ec4\u7ec7\u67b6\u6784\u56fe<\/h2>\n\n\n\n<p><strong>Section under construction<\/strong><\/p>\n","protected":false},"excerpt":{"rendered":"<p>\u90a3\u4e0d\u52d2\u65af\u8db3\u7403\u4ff1\u4e50\u90e8 \u957f\u671f\u4ee5\u6765\uff0c\u90a3\u4e0d\u52d2\u65af\u90fd\u662f\u610f\u5927\u5229\u6700\u53d7\u6b22\u8fce\u7684\u8db3\u7403\u4ff1\u4e50\u90e8\u4e4b\u4e00\u3002\u5e02\u573a\u8c03\u67e5\u663e\u793a\uff0c\u5728\u6570\u91cf\u548c\u5bf9\u7403\u961f\u7684\u559c\u7231\u5ea6 [&hellip;]<\/p>\n","protected":false},"author":123775,"featured_media":0,"parent":0,"menu_order":0,"comment_status":"closed","ping_status":"closed","template":"template-standard.php","meta":{"footnotes":""},"acf":[],"yoast_head":"<!-- This site is optimized with the Yoast SEO plugin v23.4 - https:\/\/yoast.com\/wordpress\/plugins\/seo\/ -->\n<title>Societ\u00e0 Sportiva Napoli, il club - SSC Napoli<\/title>\n<meta name=\"description\" content=\"SSC Napoli \u00e8 da sempre una delle squadre di calcio pi\u00f9 amate in Italia. Scopri di pi\u00f9 sul club campano e le ultime news\" \/>\n<meta name=\"robots\" content=\"index, follow, max-snippet:-1, max-image-preview:large, max-video-preview:-1\" \/>\n<link rel=\"canonical\" href=\"https:\/\/sscnapoli.it\/zh-hans\/%e9%82%a3%e4%b8%8d%e5%8b%92%e6%96%af%e8%b6%b3%e7%90%83%e4%bf%b1%e4%b9%90%e9%83%a8\/\" \/>\n<meta property=\"og:locale\" content=\"zh_CN\" \/>\n<meta property=\"og:type\" content=\"article\" \/>\n<meta property=\"og:title\" content=\"Societ\u00e0 Sportiva Napoli, il club - SSC Napoli\" \/>\n<meta property=\"og:description\" content=\"SSC Napoli \u00e8 da sempre una delle squadre di calcio pi\u00f9 amate in Italia. Scopri di pi\u00f9 sul club campano e le ultime news\" \/>\n<meta property=\"og:url\" content=\"https:\/\/sscnapoli.it\/zh-hans\/%e9%82%a3%e4%b8%8d%e5%8b%92%e6%96%af%e8%b6%b3%e7%90%83%e4%bf%b1%e4%b9%90%e9%83%a8\/\" \/>\n<meta property=\"og:site_name\" content=\"SSC Napoli\" \/>\n<meta property=\"article:publisher\" content=\"https:\/\/www.facebook.com\/SSCNapoli\" \/>\n<meta property=\"article:modified_time\" content=\"2023-06-20T13:56:02+00:00\" \/>\n<meta name=\"twitter:card\" content=\"summary_large_image\" \/>\n<meta name=\"twitter:site\" content=\"@SSCNapoli\" \/>\n<meta name=\"twitter:label1\" content=\"Est. reading time\" \/>\n\t<meta name=\"twitter:data1\" content=\"1\u5206\" \/>\n<script type=\"application\/ld+json\" class=\"yoast-schema-graph\">{\"@context\":\"https:\/\/schema.org\",\"@graph\":[{\"@type\":\"WebPage\",\"@id\":\"https:\/\/sscnapoli.it\/zh-hans\/%e9%82%a3%e4%b8%8d%e5%8b%92%e6%96%af%e8%b6%b3%e7%90%83%e4%bf%b1%e4%b9%90%e9%83%a8\/\",\"url\":\"https:\/\/sscnapoli.it\/zh-hans\/%e9%82%a3%e4%b8%8d%e5%8b%92%e6%96%af%e8%b6%b3%e7%90%83%e4%bf%b1%e4%b9%90%e9%83%a8\/\",\"name\":\"Societ\u00e0 Sportiva Napoli, il club - SSC Napoli\",\"isPartOf\":{\"@id\":\"https:\/\/sscnapoli.it\/zh-hans\/#website\"},\"datePublished\":\"2022-06-21T07:29:49+00:00\",\"dateModified\":\"2023-06-20T13:56:02+00:00\",\"description\":\"SSC Napoli \u00e8 da sempre una delle squadre di calcio pi\u00f9 amate in Italia. Scopri di pi\u00f9 sul club campano e le ultime news\",\"breadcrumb\":{\"@id\":\"https:\/\/sscnapoli.it\/zh-hans\/%e9%82%a3%e4%b8%8d%e5%8b%92%e6%96%af%e8%b6%b3%e7%90%83%e4%bf%b1%e4%b9%90%e9%83%a8\/#breadcrumb\"},\"inLanguage\":\"zh-CN\",\"potentialAction\":[{\"@type\":\"ReadAction\",\"target\":[\"https:\/\/sscnapoli.it\/zh-hans\/%e9%82%a3%e4%b8%8d%e5%8b%92%e6%96%af%e8%b6%b3%e7%90%83%e4%bf%b1%e4%b9%90%e9%83%a8\/\"]}]},{\"@type\":\"BreadcrumbList\",\"@id\":\"https:\/\/sscnapoli.it\/zh-hans\/%e9%82%a3%e4%b8%8d%e5%8b%92%e6%96%af%e8%b6%b3%e7%90%83%e4%bf%b1%e4%b9%90%e9%83%a8\/#breadcrumb\",\"itemListElement\":[{\"@type\":\"ListItem\",\"position\":1,\"name\":\"Home\",\"item\":\"https:\/\/sscnapoli.it\/zh-hans\/\"},{\"@type\":\"ListItem\",\"position\":2,\"name\":\"\u90a3\u4e0d\u52d2\u65af\u8db3\u7403\u4ff1\u4e50\u90e8\uff08Societ\u00e0 Sportiva Calcio Napoli S.p.A.\uff09\u7684\u4ecb\u7ecd\"}]},{\"@type\":\"WebSite\",\"@id\":\"https:\/\/sscnapoli.it\/zh-hans\/#website\",\"url\":\"https:\/\/sscnapoli.it\/zh-hans\/\",\"name\":\"SSC Napoli\",\"description\":\"\",\"potentialAction\":[{\"@type\":\"SearchAction\",\"target\":{\"@type\":\"EntryPoint\",\"urlTemplate\":\"https:\/\/sscnapoli.it\/zh-hans\/?s={search_term_string}\"},\"query-input\":{\"@type\":\"PropertyValueSpecification\",\"valueRequired\":true,\"valueName\":\"search_term_string\"}}],\"inLanguage\":\"zh-CN\"}]}<\/script>\n<!-- \/ Yoast SEO plugin. -->","yoast_head_json":{"title":"Societ\u00e0 Sportiva Napoli, il club - SSC Napoli","description":"SSC Napoli \u00e8 da sempre una delle squadre di calcio pi\u00f9 amate in Italia. Scopri di pi\u00f9 sul club campano e le ultime news","robots":{"index":"index","follow":"follow","max-snippet":"max-snippet:-1","max-image-preview":"max-image-preview:large","max-video-preview":"max-video-preview:-1"},"canonical":"https:\/\/sscnapoli.it\/zh-hans\/%e9%82%a3%e4%b8%8d%e5%8b%92%e6%96%af%e8%b6%b3%e7%90%83%e4%bf%b1%e4%b9%90%e9%83%a8\/","og_locale":"zh_CN","og_type":"article","og_title":"Societ\u00e0 Sportiva Napoli, il club - SSC Napoli","og_description":"SSC Napoli \u00e8 da sempre una delle squadre di calcio pi\u00f9 amate in Italia. Scopri di pi\u00f9 sul club campano e le ultime news","og_url":"https:\/\/sscnapoli.it\/zh-hans\/%e9%82%a3%e4%b8%8d%e5%8b%92%e6%96%af%e8%b6%b3%e7%90%83%e4%bf%b1%e4%b9%90%e9%83%a8\/","og_site_name":"SSC Napoli","article_publisher":"https:\/\/www.facebook.com\/SSCNapoli","article_modified_time":"2023-06-20T13:56:02+00:00","twitter_card":"summary_large_image","twitter_site":"@SSCNapoli","twitter_misc":{"Est. reading time":"1\u5206"},"schema":{"@context":"https:\/\/schema.org","@graph":[{"@type":"WebPage","@id":"https:\/\/sscnapoli.it\/zh-hans\/%e9%82%a3%e4%b8%8d%e5%8b%92%e6%96%af%e8%b6%b3%e7%90%83%e4%bf%b1%e4%b9%90%e9%83%a8\/","url":"https:\/\/sscnapoli.it\/zh-hans\/%e9%82%a3%e4%b8%8d%e5%8b%92%e6%96%af%e8%b6%b3%e7%90%83%e4%bf%b1%e4%b9%90%e9%83%a8\/","name":"Societ\u00e0 Sportiva Napoli, il club - SSC Napoli","isPartOf":{"@id":"https:\/\/sscnapoli.it\/zh-hans\/#website"},"datePublished":"2022-06-21T07:29:49+00:00","dateModified":"2023-06-20T13:56:02+00:00","description":"SSC Napoli \u00e8 da sempre una delle squadre di calcio pi\u00f9 amate in Italia. Scopri di pi\u00f9 sul club campano e le ultime news","breadcrumb":{"@id":"https:\/\/sscnapoli.it\/zh-hans\/%e9%82%a3%e4%b8%8d%e5%8b%92%e6%96%af%e8%b6%b3%e7%90%83%e4%bf%b1%e4%b9%90%e9%83%a8\/#breadcrumb"},"inLanguage":"zh-CN","potentialAction":[{"@type":"ReadAction","target":["https:\/\/sscnapoli.it\/zh-hans\/%e9%82%a3%e4%b8%8d%e5%8b%92%e6%96%af%e8%b6%b3%e7%90%83%e4%bf%b1%e4%b9%90%e9%83%a8\/"]}]},{"@type":"BreadcrumbList","@id":"https:\/\/sscnapoli.it\/zh-hans\/%e9%82%a3%e4%b8%8d%e5%8b%92%e6%96%af%e8%b6%b3%e7%90%83%e4%bf%b1%e4%b9%90%e9%83%a8\/#breadcrumb","itemListElement":[{"@type":"ListItem","position":1,"name":"Home","item":"https:\/\/sscnapoli.it\/zh-hans\/"},{"@type":"ListItem","position":2,"name":"\u90a3\u4e0d\u52d2\u65af\u8db3\u7403\u4ff1\u4e50\u90e8\uff08Societ\u00e0 Sportiva Calcio Napoli S.p.A.\uff09\u7684\u4ecb\u7ecd"}]},{"@type":"WebSite","@id":"https:\/\/sscnapoli.it\/zh-hans\/#website","url":"https:\/\/sscnapoli.it\/zh-hans\/","name":"SSC Napoli","description":"","potentialAction":[{"@type":"SearchAction","target":{"@type":"EntryPoint","urlTemplate":"https:\/\/sscnapoli.it\/zh-hans\/?s={search_term_string}"},"query-input":{"@type":"PropertyValueSpecification","valueRequired":true,"valueName":"search_term_string"}}],"inLanguage":"zh-CN"}]}},"_links":{"self":[{"href":"https:\/\/sscnapoli.it\/zh-hans\/wp-json\/wp\/v2\/pages\/43163"}],"collection":[{"href":"https:\/\/sscnapoli.it\/zh-hans\/wp-json\/wp\/v2\/pages"}],"about":[{"href":"https:\/\/sscnapoli.it\/zh-hans\/wp-json\/wp\/v2\/types\/page"}],"author":[{"embeddable":true,"href":"https:\/\/sscnapoli.it\/zh-hans\/wp-json\/wp\/v2\/users\/123775"}],"replies":[{"embeddable":true,"href":"https:\/\/sscnapoli.it\/zh-hans\/wp-json\/wp\/v2\/comments?post=43163"}],"version-history":[{"count":7,"href":"https:\/\/sscnapoli.it\/zh-hans\/wp-json\/wp\/v2\/pages\/43163\/revisions"}],"predecessor-version":[{"id":238325,"href":"https:\/\/sscnapoli.it\/zh-hans\/wp-json\/wp\/v2\/pages\/43163\/revisions\/238325"}],"wp:attachment":[{"href":"https:\/\/sscnapoli.it\/zh-hans\/wp-json\/wp\/v2\/media?parent=43163"}],"curies":[{"name":"wp","href":"https:\/\/api.w.org\/{rel}","templated":true}]}}