
{"id":43208,"date":"2022-06-29T13:30:26","date_gmt":"2022-06-29T11:30:26","guid":{"rendered":"https:\/\/sscnapoli.it\/negozio-ufficiale\/"},"modified":"2022-09-30T10:16:24","modified_gmt":"2022-09-30T08:16:24","slug":"%e5%ae%98%e6%96%b9%e5%95%86%e5%ba%97","status":"publish","type":"page","link":"https:\/\/sscnapoli.it\/zh-hans\/%e5%ae%98%e6%96%b9%e5%95%86%e5%ba%97\/","title":{"rendered":"\u5b98\u65b9\u5546\u5e97"},"content":{"rendered":"\n<h2 class=\"wp-block-heading\">\u90a3\u4e0d\u52d2\u65af\u8db3\u7403\u4ff1\u4e50\u90e8\u7684\u5b98\u65b9\u5546\u5e97\u5730\u5740\u548c\u8425\u4e1a\u65f6\u95f4<\/h2>\n\n\n\n<div style=\"height:100px\" aria-hidden=\"true\" class=\"wp-block-spacer\"><\/div>\n\n\n\n<figure class=\"wp-block-table is-style-stripes\"><table><tbody><tr><td>\u90a3\u4e0d\u52d2\u65af\u4e2d\u592e\u706b\u8f66\u7ad9 &#8211; \u5730\u9762\u5c42 &#8211; Garibaldi\u5e7f\u573a<\/td><td>\u6bcf\u5929 8:00 \u81f3 20:00<\/td><\/tr><tr><td>\u574e\u5e15\u5c3c\u4e9a\u8d2d\u7269\u4e2d\u5fc3 &#8211; Marcianise<\/td><td>\u6bcf\u5929 10:00 \u81f3 20:00<\/td><\/tr><\/tbody><\/table><\/figure>\n\n\n\n<div style=\"height:100px\" aria-hidden=\"true\" class=\"wp-block-spacer\"><\/div>\n\n\n\n<figure class=\"wp-block-image alignfull size-full\"><img decoding=\"async\" width=\"710\" height=\"380\" src=\"https:\/\/cdn.sscnapoli.iquii.info\/uploads\/2022\/06\/mappa_Napoli_modifie.jpeg\" alt=\"\" class=\"wp-image-1919\"\/ loading=\"lazy\" srcset=\"https:\/\/cdn.sscnapoli.it\/wp-content\/uploads\/2022\/06\/mappa_Napoli_modifie.jpeg 710w, https:\/\/cdn.sscnapoli.it\/wp-content\/uploads\/2022\/06\/mappa_Napoli_modifie-300x161.jpeg 300w, https:\/\/cdn.sscnapoli.it\/wp-content\/uploads\/2022\/06\/mappa_Napoli_modifie-280x150.jpeg 280w\" sizes=\"(max-width: 710px) 100vw, 710px\" \/><\/figure>\n","protected":false},"excerpt":{"rendered":"<p>\u90a3\u4e0d\u52d2\u65af\u8db3\u7403\u4ff1\u4e50\u90e8\u7684\u5b98\u65b9\u5546\u5e97\u5730\u5740\u548c\u8425\u4e1a\u65f6\u95f4 \u90a3\u4e0d\u52d2\u65af\u4e2d\u592e\u706b\u8f66\u7ad9 &#8211; \u5730\u9762\u5c42 &#8211; Gar [&hellip;]<\/p>\n","protected":false},"author":123775,"featured_media":0,"parent":0,"menu_order":0,"comment_status":"closed","ping_status":"closed","template":"template-standard.php","meta":{"footnotes":""},"acf":[],"yoast_head":"<!-- This site is optimized with the Yoast SEO plugin v23.4 - https:\/\/yoast.com\/wordpress\/plugins\/seo\/ -->\n<title>Official Store della Societ\u00e0 Sportiva Napoli - SSC Napoli<\/title>\n<meta name=\"description\" content=\"Dove trovi gli Official Store della Societ\u00e0 Sportiva Napoli? Scoprili sul nostro sito web e cerca sulla mappa quello pi\u00f9 vicino a te\" \/>\n<meta name=\"robots\" content=\"index, follow, max-snippet:-1, max-image-preview:large, max-video-preview:-1\" \/>\n<link rel=\"canonical\" href=\"https:\/\/sscnapoli.it\/zh-hans\/%e5%ae%98%e6%96%b9%e5%95%86%e5%ba%97\/\" \/>\n<meta property=\"og:locale\" content=\"zh_CN\" \/>\n<meta property=\"og:type\" content=\"article\" \/>\n<meta property=\"og:title\" content=\"Official Store della Societ\u00e0 Sportiva Napoli - SSC Napoli\" \/>\n<meta property=\"og:description\" content=\"Dove trovi gli Official Store della Societ\u00e0 Sportiva Napoli? Scoprili sul nostro sito web e cerca sulla mappa quello pi\u00f9 vicino a te\" \/>\n<meta property=\"og:url\" content=\"https:\/\/sscnapoli.it\/zh-hans\/%e5%ae%98%e6%96%b9%e5%95%86%e5%ba%97\/\" \/>\n<meta property=\"og:site_name\" content=\"SSC Napoli\" \/>\n<meta property=\"article:publisher\" content=\"https:\/\/www.facebook.com\/SSCNapoli\" \/>\n<meta property=\"article:modified_time\" content=\"2022-09-30T08:16:24+00:00\" \/>\n<meta property=\"og:image\" content=\"https:\/\/cdn.sscnapoli.iquii.info\/uploads\/2022\/06\/mappa_Napoli_modifie.jpeg\" \/>\n<meta name=\"twitter:card\" content=\"summary_large_image\" \/>\n<meta name=\"twitter:site\" content=\"@SSCNapoli\" \/>\n<meta name=\"twitter:label1\" content=\"Est. reading time\" \/>\n\t<meta name=\"twitter:data1\" content=\"1\u5206\" \/>\n<script type=\"application\/ld+json\" class=\"yoast-schema-graph\">{\"@context\":\"https:\/\/schema.org\",\"@graph\":[{\"@type\":\"WebPage\",\"@id\":\"https:\/\/sscnapoli.it\/zh-hans\/%e5%ae%98%e6%96%b9%e5%95%86%e5%ba%97\/\",\"url\":\"https:\/\/sscnapoli.it\/zh-hans\/%e5%ae%98%e6%96%b9%e5%95%86%e5%ba%97\/\",\"name\":\"Official Store della Societ\u00e0 Sportiva Napoli - SSC Napoli\",\"isPartOf\":{\"@id\":\"https:\/\/sscnapoli.it\/zh-hans\/#website\"},\"primaryImageOfPage\":{\"@id\":\"https:\/\/sscnapoli.it\/zh-hans\/%e5%ae%98%e6%96%b9%e5%95%86%e5%ba%97\/#primaryimage\"},\"image\":{\"@id\":\"https:\/\/sscnapoli.it\/zh-hans\/%e5%ae%98%e6%96%b9%e5%95%86%e5%ba%97\/#primaryimage\"},\"thumbnailUrl\":\"https:\/\/cdn.sscnapoli.iquii.info\/uploads\/2022\/06\/mappa_Napoli_modifie.jpeg\",\"datePublished\":\"2022-06-29T11:30:26+00:00\",\"dateModified\":\"2022-09-30T08:16:24+00:00\",\"description\":\"Dove trovi gli Official Store della Societ\u00e0 Sportiva Napoli? Scoprili sul nostro sito web e cerca sulla mappa quello pi\u00f9 vicino a te\",\"breadcrumb\":{\"@id\":\"https:\/\/sscnapoli.it\/zh-hans\/%e5%ae%98%e6%96%b9%e5%95%86%e5%ba%97\/#breadcrumb\"},\"inLanguage\":\"zh-CN\",\"potentialAction\":[{\"@type\":\"ReadAction\",\"target\":[\"https:\/\/sscnapoli.it\/zh-hans\/%e5%ae%98%e6%96%b9%e5%95%86%e5%ba%97\/\"]}]},{\"@type\":\"ImageObject\",\"inLanguage\":\"zh-CN\",\"@id\":\"https:\/\/sscnapoli.it\/zh-hans\/%e5%ae%98%e6%96%b9%e5%95%86%e5%ba%97\/#primaryimage\",\"url\":\"https:\/\/cdn.sscnapoli.iquii.info\/uploads\/2022\/06\/mappa_Napoli_modifie.jpeg\",\"contentUrl\":\"https:\/\/cdn.sscnapoli.iquii.info\/uploads\/2022\/06\/mappa_Napoli_modifie.jpeg\"},{\"@type\":\"BreadcrumbList\",\"@id\":\"https:\/\/sscnapoli.it\/zh-hans\/%e5%ae%98%e6%96%b9%e5%95%86%e5%ba%97\/#breadcrumb\",\"itemListElement\":[{\"@type\":\"ListItem\",\"position\":1,\"name\":\"Home\",\"item\":\"https:\/\/sscnapoli.it\/zh-hans\/\"},{\"@type\":\"ListItem\",\"position\":2,\"name\":\"\u5b98\u65b9\u5546\u5e97\"}]},{\"@type\":\"WebSite\",\"@id\":\"https:\/\/sscnapoli.it\/zh-hans\/#website\",\"url\":\"https:\/\/sscnapoli.it\/zh-hans\/\",\"name\":\"SSC Napoli\",\"description\":\"\",\"potentialAction\":[{\"@type\":\"SearchAction\",\"target\":{\"@type\":\"EntryPoint\",\"urlTemplate\":\"https:\/\/sscnapoli.it\/zh-hans\/?s={search_term_string}\"},\"query-input\":{\"@type\":\"PropertyValueSpecification\",\"valueRequired\":true,\"valueName\":\"search_term_string\"}}],\"inLanguage\":\"zh-CN\"}]}<\/script>\n<!-- \/ Yoast SEO plugin. -->","yoast_head_json":{"title":"Official Store della Societ\u00e0 Sportiva Napoli - SSC Napoli","description":"Dove trovi gli Official Store della Societ\u00e0 Sportiva Napoli? Scoprili sul nostro sito web e cerca sulla mappa quello pi\u00f9 vicino a te","robots":{"index":"index","follow":"follow","max-snippet":"max-snippet:-1","max-image-preview":"max-image-preview:large","max-video-preview":"max-video-preview:-1"},"canonical":"https:\/\/sscnapoli.it\/zh-hans\/%e5%ae%98%e6%96%b9%e5%95%86%e5%ba%97\/","og_locale":"zh_CN","og_type":"article","og_title":"Official Store della Societ\u00e0 Sportiva Napoli - SSC Napoli","og_description":"Dove trovi gli Official Store della Societ\u00e0 Sportiva Napoli? Scoprili sul nostro sito web e cerca sulla mappa quello pi\u00f9 vicino a te","og_url":"https:\/\/sscnapoli.it\/zh-hans\/%e5%ae%98%e6%96%b9%e5%95%86%e5%ba%97\/","og_site_name":"SSC Napoli","article_publisher":"https:\/\/www.facebook.com\/SSCNapoli","article_modified_time":"2022-09-30T08:16:24+00:00","og_image":[{"url":"https:\/\/cdn.sscnapoli.iquii.info\/uploads\/2022\/06\/mappa_Napoli_modifie.jpeg"}],"twitter_card":"summary_large_image","twitter_site":"@SSCNapoli","twitter_misc":{"Est. reading time":"1\u5206"},"schema":{"@context":"https:\/\/schema.org","@graph":[{"@type":"WebPage","@id":"https:\/\/sscnapoli.it\/zh-hans\/%e5%ae%98%e6%96%b9%e5%95%86%e5%ba%97\/","url":"https:\/\/sscnapoli.it\/zh-hans\/%e5%ae%98%e6%96%b9%e5%95%86%e5%ba%97\/","name":"Official Store della Societ\u00e0 Sportiva Napoli - SSC Napoli","isPartOf":{"@id":"https:\/\/sscnapoli.it\/zh-hans\/#website"},"primaryImageOfPage":{"@id":"https:\/\/sscnapoli.it\/zh-hans\/%e5%ae%98%e6%96%b9%e5%95%86%e5%ba%97\/#primaryimage"},"image":{"@id":"https:\/\/sscnapoli.it\/zh-hans\/%e5%ae%98%e6%96%b9%e5%95%86%e5%ba%97\/#primaryimage"},"thumbnailUrl":"https:\/\/cdn.sscnapoli.iquii.info\/uploads\/2022\/06\/mappa_Napoli_modifie.jpeg","datePublished":"2022-06-29T11:30:26+00:00","dateModified":"2022-09-30T08:16:24+00:00","description":"Dove trovi gli Official Store della Societ\u00e0 Sportiva Napoli? Scoprili sul nostro sito web e cerca sulla mappa quello pi\u00f9 vicino a te","breadcrumb":{"@id":"https:\/\/sscnapoli.it\/zh-hans\/%e5%ae%98%e6%96%b9%e5%95%86%e5%ba%97\/#breadcrumb"},"inLanguage":"zh-CN","potentialAction":[{"@type":"ReadAction","target":["https:\/\/sscnapoli.it\/zh-hans\/%e5%ae%98%e6%96%b9%e5%95%86%e5%ba%97\/"]}]},{"@type":"ImageObject","inLanguage":"zh-CN","@id":"https:\/\/sscnapoli.it\/zh-hans\/%e5%ae%98%e6%96%b9%e5%95%86%e5%ba%97\/#primaryimage","url":"https:\/\/cdn.sscnapoli.iquii.info\/uploads\/2022\/06\/mappa_Napoli_modifie.jpeg","contentUrl":"https:\/\/cdn.sscnapoli.iquii.info\/uploads\/2022\/06\/mappa_Napoli_modifie.jpeg"},{"@type":"BreadcrumbList","@id":"https:\/\/sscnapoli.it\/zh-hans\/%e5%ae%98%e6%96%b9%e5%95%86%e5%ba%97\/#breadcrumb","itemListElement":[{"@type":"ListItem","position":1,"name":"Home","item":"https:\/\/sscnapoli.it\/zh-hans\/"},{"@type":"ListItem","position":2,"name":"\u5b98\u65b9\u5546\u5e97"}]},{"@type":"WebSite","@id":"https:\/\/sscnapoli.it\/zh-hans\/#website","url":"https:\/\/sscnapoli.it\/zh-hans\/","name":"SSC Napoli","description":"","potentialAction":[{"@type":"SearchAction","target":{"@type":"EntryPoint","urlTemplate":"https:\/\/sscnapoli.it\/zh-hans\/?s={search_term_string}"},"query-input":{"@type":"PropertyValueSpecification","valueRequired":true,"valueName":"search_term_string"}}],"inLanguage":"zh-CN"}]}},"_links":{"self":[{"href":"https:\/\/sscnapoli.it\/zh-hans\/wp-json\/wp\/v2\/pages\/43208"}],"collection":[{"href":"https:\/\/sscnapoli.it\/zh-hans\/wp-json\/wp\/v2\/pages"}],"about":[{"href":"https:\/\/sscnapoli.it\/zh-hans\/wp-json\/wp\/v2\/types\/page"}],"author":[{"embeddable":true,"href":"https:\/\/sscnapoli.it\/zh-hans\/wp-json\/wp\/v2\/users\/123775"}],"replies":[{"embeddable":true,"href":"https:\/\/sscnapoli.it\/zh-hans\/wp-json\/wp\/v2\/comments?post=43208"}],"version-history":[{"count":1,"href":"https:\/\/sscnapoli.it\/zh-hans\/wp-json\/wp\/v2\/pages\/43208\/revisions"}],"predecessor-version":[{"id":43209,"href":"https:\/\/sscnapoli.it\/zh-hans\/wp-json\/wp\/v2\/pages\/43208\/revisions\/43209"}],"wp:attachment":[{"href":"https:\/\/sscnapoli.it\/zh-hans\/wp-json\/wp\/v2\/media?parent=43208"}],"curies":[{"name":"wp","href":"https:\/\/api.w.org\/{rel}","templated":true}]}}